{"id":1232,"date":"2021-09-04T13:16:01","date_gmt":"2021-09-04T13:16:01","guid":{"rendered":"https:\/\/bslthemes.com\/tastyc\/fullwidth\/?page_id=1076"},"modified":"2025-11-24T08:57:44","modified_gmt":"2025-11-24T08:57:44","slug":"servicios","status":"publish","type":"page","link":"https:\/\/eldediezdelagorda.es\/en\/servicios\/","title":{"rendered":"Servicios"},"content":{"rendered":"<div data-elementor-type=\"wp-page\" data-elementor-id=\"1232\" class=\"elementor elementor-1232\" data-elementor-post-type=\"page\">\n\t\t\t\t<div class=\"elementor-element elementor-element-e6b89bd e-flex e-con-boxed e-con e-parent\" data-id=\"e6b89bd\" data-element_type=\"container\" data-e-type=\"container\">\n\t\t\t\t\t<div class=\"e-con-inner\">\n\t\t<div class=\"elementor-element elementor-element-6efe27e e-con-full e-flex e-con e-child\" data-id=\"6efe27e\" data-element_type=\"container\" data-e-type=\"container\">\n\t\t\t\t<div class=\"elementor-element elementor-element-fd17560 elementor-widget elementor-widget-tastyc-section-heading-style-2\" data-id=\"fd17560\" data-element_type=\"widget\" data-e-type=\"widget\" data-widget_type=\"tastyc-section-heading-style-2.default\">\n\t\t\t\t<div class=\"elementor-widget-container\">\n\t\t\t\t\t\n\t\t<!-- section heading -->\n\t\t\t\t<div class=\"title-box\">\n\t\t\t\t\t\t<div class=\"suptitle\">\n\t\t\t\t<div class=\"icon-elem-svg\">\n\t\t\t\t\t<svg version=\"1.1\" id=\"Layer_1\" xmlns=\"http:\/\/www.w3.org\/2000\/svg\" xmlns:xlink=\"http:\/\/www.w3.org\/1999\/xlink\" x=\"0px\" y=\"0px\" viewbox=\"0 0 134.6 134.6\" enable-background=\"new 0 0 134.6 134.6\" xml:space=\"preserve\">\n\t\t\t\t\t\t<path fill=\"#E6B15F\" d=\"M67.3,134.6C60.2,96.8,38.1,74.5,0,67.4C37.9,60.4,60.3,38,67.3,0c7,38.1,29.4,60.3,67.3,67.3C96.6,74.3,74.3,96.6,67.3,134.6z\"\/>\n\t\t\t\t\t<\/svg>\n\t\t\t\t<\/div>\n\t\t\t\t<span >\n\t\t\t\t\tPara empresas, familias o amigos\t\t\t\t<\/span>\n\t\t\t\t<div class=\"icon-elem-svg\">\n\t\t\t\t\t<svg version=\"1.1\" id=\"Layer_1\" xmlns=\"http:\/\/www.w3.org\/2000\/svg\" xmlns:xlink=\"http:\/\/www.w3.org\/1999\/xlink\" x=\"0px\" y=\"0px\" viewbox=\"0 0 134.6 134.6\" enable-background=\"new 0 0 134.6 134.6\" xml:space=\"preserve\">\n\t\t\t\t\t\t<path fill=\"#E6B15F\" d=\"M67.3,134.6C60.2,96.8,38.1,74.5,0,67.4C37.9,60.4,60.3,38,67.3,0c7,38.1,29.4,60.3,67.3,67.3C96.6,74.3,74.3,96.6,67.3,134.6z\"\/>\n\t\t\t\t\t<\/svg>\n\t\t\t\t<\/div>\n\t\t\t<\/div>\n\t\t\t\t\t\t\t\t\t<h2 class=\"tst-title--h\">\n\t\t\t\t<span >\n\t\t\t\t\tComidas y cenas de grupos\t\t\t\t<\/span>\n\t\t\t<\/h2>\n\t\t\t\t\t<\/div>\n\t\t\n\t\t\t\t\t\t<\/div>\n\t\t\t\t<\/div>\n\t\t\t\t<div class=\"elementor-element elementor-element-a3a7f41 elementor-widget__width-initial elementor-widget elementor-widget-text-editor\" data-id=\"a3a7f41\" data-element_type=\"widget\" data-e-type=\"widget\" data-widget_type=\"text-editor.default\">\n\t\t\t\t\t\t\t\t\t<p>Nuestras instalaciones son perfectas para cenas de grupo. En nuestro comedor con capacidad para hasta 40 personas podr\u00e1s disfrutar de la mejor\u00a0 comida. Consulta men\u00fas<\/p>\t\t\t\t\t\t\t\t<\/div>\n\t\t\t\t<div class=\"elementor-element elementor-element-ad8cec5 elementor-widget elementor-widget-tastyc-buttons-style-2\" data-id=\"ad8cec5\" data-element_type=\"widget\" data-e-type=\"widget\" data-widget_type=\"tastyc-buttons-style-2.default\">\n\t\t\t\t<div class=\"elementor-widget-container\">\n\t\t\t\t\t\n\t\t\t\t<!-- button -->\n\t\t<a href=\"\/en\/elegant\/menu-tabs\/\" class=\"theme-btn btn-style-one btn-style-border tst-res-btn\" data-no-swup>\n\t\t\t<span class=\"btn-wrap\">\n\t\t\t\t<span class=\"text-one\">Consulta por nuestros men\u00fas de grupo<\/span>\n\t\t\t\t<span class=\"text-two\">Consulta por nuestros men\u00fas de grupo<\/span>\n\t\t\t<\/span>\n\t\t<\/a>\n\t\t\n\t\t\t\t\t\t<\/div>\n\t\t\t\t<\/div>\n\t\t\t\t<\/div>\n\t\t<div class=\"elementor-element elementor-element-827bbc0 e-con-full e-flex e-con e-child\" data-id=\"827bbc0\" data-element_type=\"container\" data-e-type=\"container\" data-settings=\"{&quot;background_background&quot;:&quot;classic&quot;}\">\n\t\t\t\t<\/div>\n\t\t\t\t\t<\/div>\n\t\t\t\t<\/div>\n\t\t<div class=\"elementor-element elementor-element-5a59829 e-flex e-con-boxed e-con e-parent\" data-id=\"5a59829\" data-element_type=\"container\" data-e-type=\"container\">\n\t\t\t\t\t<div class=\"e-con-inner\">\n\t\t<div class=\"elementor-element elementor-element-51184b6 e-con-full e-flex e-con e-child\" data-id=\"51184b6\" data-element_type=\"container\" data-e-type=\"container\">\n\t\t\t\t<div class=\"elementor-element elementor-element-e9d32de elementor-widget elementor-widget-tastyc-section-heading-style-2\" data-id=\"e9d32de\" data-element_type=\"widget\" data-e-type=\"widget\" data-widget_type=\"tastyc-section-heading-style-2.default\">\n\t\t\t\t<div class=\"elementor-widget-container\">\n\t\t\t\t\t\n\t\t<!-- section heading -->\n\t\t\t\t<div class=\"title-box\">\n\t\t\t\t\t\t<div class=\"suptitle\">\n\t\t\t\t<div class=\"icon-elem-svg\">\n\t\t\t\t\t<svg version=\"1.1\" id=\"Layer_1\" xmlns=\"http:\/\/www.w3.org\/2000\/svg\" xmlns:xlink=\"http:\/\/www.w3.org\/1999\/xlink\" x=\"0px\" y=\"0px\" viewbox=\"0 0 134.6 134.6\" enable-background=\"new 0 0 134.6 134.6\" xml:space=\"preserve\">\n\t\t\t\t\t\t<path fill=\"#E6B15F\" d=\"M67.3,134.6C60.2,96.8,38.1,74.5,0,67.4C37.9,60.4,60.3,38,67.3,0c7,38.1,29.4,60.3,67.3,67.3C96.6,74.3,74.3,96.6,67.3,134.6z\"\/>\n\t\t\t\t\t<\/svg>\n\t\t\t\t<\/div>\n\t\t\t\t<span >\n\t\t\t\t\tCuidamos tu salud\t\t\t\t<\/span>\n\t\t\t\t<div class=\"icon-elem-svg\">\n\t\t\t\t\t<svg version=\"1.1\" id=\"Layer_1\" xmlns=\"http:\/\/www.w3.org\/2000\/svg\" xmlns:xlink=\"http:\/\/www.w3.org\/1999\/xlink\" x=\"0px\" y=\"0px\" viewbox=\"0 0 134.6 134.6\" enable-background=\"new 0 0 134.6 134.6\" xml:space=\"preserve\">\n\t\t\t\t\t\t<path fill=\"#E6B15F\" d=\"M67.3,134.6C60.2,96.8,38.1,74.5,0,67.4C37.9,60.4,60.3,38,67.3,0c7,38.1,29.4,60.3,67.3,67.3C96.6,74.3,74.3,96.6,67.3,134.6z\"\/>\n\t\t\t\t\t<\/svg>\n\t\t\t\t<\/div>\n\t\t\t<\/div>\n\t\t\t\t\t\t\t\t\t<h2 class=\"tst-title--h\">\n\t\t\t\t<span >\n\t\t\t\t\tCarta de platos con al\u00e9rgenos mostrados\t\t\t\t<\/span>\n\t\t\t<\/h2>\n\t\t\t\t\t<\/div>\n\t\t\n\t\t\t\t\t\t<\/div>\n\t\t\t\t<\/div>\n\t\t\t\t<div class=\"elementor-element elementor-element-b1cfbc9 elementor-widget__width-initial elementor-widget elementor-widget-text-editor\" data-id=\"b1cfbc9\" data-element_type=\"widget\" data-e-type=\"widget\" data-widget_type=\"text-editor.default\">\n\t\t\t\t\t\t\t\t\t<p>Porque no todo el mundo puede<\/p>\t\t\t\t\t\t\t\t<\/div>\n\t\t\t\t<div class=\"elementor-element elementor-element-490a7b1 elementor-widget elementor-widget-tastyc-buttons-style-2\" data-id=\"490a7b1\" data-element_type=\"widget\" data-e-type=\"widget\" data-widget_type=\"tastyc-buttons-style-2.default\">\n\t\t\t\t<div class=\"elementor-widget-container\">\n\t\t\t\t\t\n\t\t\t\t<!-- button -->\n\t\t<a href=\"\/en\/elegant\/gallery\/\" class=\"theme-btn btn-style-one btn-style-border tst-res-btn\" data-no-swup>\n\t\t\t<span class=\"btn-wrap\">\n\t\t\t\t<span class=\"text-one\">ver carta<\/span>\n\t\t\t\t<span class=\"text-two\">ver carta<\/span>\n\t\t\t<\/span>\n\t\t<\/a>\n\t\t\n\t\t\t\t\t\t<\/div>\n\t\t\t\t<\/div>\n\t\t\t\t<\/div>\n\t\t<div class=\"elementor-element elementor-element-e50d723 e-con-full e-flex e-con e-child\" data-id=\"e50d723\" data-element_type=\"container\" data-e-type=\"container\" data-settings=\"{&quot;background_background&quot;:&quot;classic&quot;}\">\n\t\t\t\t<\/div>\n\t\t\t\t\t<\/div>\n\t\t\t\t<\/div>\n\t\t<div class=\"elementor-element elementor-element-8aca928 e-flex e-con-boxed e-con e-parent\" data-id=\"8aca928\" data-element_type=\"container\" data-e-type=\"container\">\n\t\t\t\t\t<div class=\"e-con-inner\">\n\t\t<div class=\"elementor-element elementor-element-6c922f5 e-con-full e-flex e-con e-child\" data-id=\"6c922f5\" data-element_type=\"container\" data-e-type=\"container\">\n\t\t\t\t<div class=\"elementor-element elementor-element-799a8fb elementor-widget elementor-widget-tastyc-section-heading-style-2\" data-id=\"799a8fb\" data-element_type=\"widget\" data-e-type=\"widget\" data-widget_type=\"tastyc-section-heading-style-2.default\">\n\t\t\t\t<div class=\"elementor-widget-container\">\n\t\t\t\t\t\n\t\t<!-- section heading -->\n\t\t\t\t<div class=\"title-box\">\n\t\t\t\t\t\t<div class=\"suptitle\">\n\t\t\t\t<div class=\"icon-elem-svg\">\n\t\t\t\t\t<svg version=\"1.1\" id=\"Layer_1\" xmlns=\"http:\/\/www.w3.org\/2000\/svg\" xmlns:xlink=\"http:\/\/www.w3.org\/1999\/xlink\" x=\"0px\" y=\"0px\" viewbox=\"0 0 134.6 134.6\" enable-background=\"new 0 0 134.6 134.6\" xml:space=\"preserve\">\n\t\t\t\t\t\t<path fill=\"#E6B15F\" d=\"M67.3,134.6C60.2,96.8,38.1,74.5,0,67.4C37.9,60.4,60.3,38,67.3,0c7,38.1,29.4,60.3,67.3,67.3C96.6,74.3,74.3,96.6,67.3,134.6z\"\/>\n\t\t\t\t\t<\/svg>\n\t\t\t\t<\/div>\n\t\t\t\t<span >\n\t\t\t\t\tpara todos los tiempos\t\t\t\t<\/span>\n\t\t\t\t<div class=\"icon-elem-svg\">\n\t\t\t\t\t<svg version=\"1.1\" id=\"Layer_1\" xmlns=\"http:\/\/www.w3.org\/2000\/svg\" xmlns:xlink=\"http:\/\/www.w3.org\/1999\/xlink\" x=\"0px\" y=\"0px\" viewbox=\"0 0 134.6 134.6\" enable-background=\"new 0 0 134.6 134.6\" xml:space=\"preserve\">\n\t\t\t\t\t\t<path fill=\"#E6B15F\" d=\"M67.3,134.6C60.2,96.8,38.1,74.5,0,67.4C37.9,60.4,60.3,38,67.3,0c7,38.1,29.4,60.3,67.3,67.3C96.6,74.3,74.3,96.6,67.3,134.6z\"\/>\n\t\t\t\t\t<\/svg>\n\t\t\t\t<\/div>\n\t\t\t<\/div>\n\t\t\t\t\t\t\t\t\t<h2 class=\"tst-title--h\">\n\t\t\t\t<span >\n\t\t\t\t\telige: interior o terraza\t\t\t\t<\/span>\n\t\t\t<\/h2>\n\t\t\t\t\t<\/div>\n\t\t\n\t\t\t\t\t\t<\/div>\n\t\t\t\t<\/div>\n\t\t\t\t<div class=\"elementor-element elementor-element-0e7320b elementor-widget__width-initial elementor-widget elementor-widget-text-editor\" data-id=\"0e7320b\" data-element_type=\"widget\" data-e-type=\"widget\" data-widget_type=\"text-editor.default\">\n\t\t\t\t\t\t\t\t\t<p>Una amplia barra, u comedor espacioso y 2 terrazas, una interior y otra exterior, para que elijas en cada ocasi\u00f3n la mejor opci\u00f3n.<\/p>\t\t\t\t\t\t\t\t<\/div>\n\t\t\t\t<\/div>\n\t\t<div class=\"elementor-element elementor-element-3bfb30c e-con-full e-flex e-con e-child\" data-id=\"3bfb30c\" data-element_type=\"container\" data-e-type=\"container\" data-settings=\"{&quot;background_background&quot;:&quot;classic&quot;}\">\n\t\t\t\t<\/div>\n\t\t\t\t\t<\/div>\n\t\t\t\t<\/div>\n\t\t<div class=\"elementor-element elementor-element-462f058e e-flex e-con-boxed e-con e-parent\" data-id=\"462f058e\" data-element_type=\"container\" data-e-type=\"container\">\n\t\t\t\t\t<div class=\"e-con-inner\">\n\t\t<div class=\"elementor-element elementor-element-6e30ef87 e-con-full e-flex e-con e-child\" data-id=\"6e30ef87\" data-element_type=\"container\" data-e-type=\"container\" data-settings=\"{&quot;background_background&quot;:&quot;classic&quot;}\">\n\t\t<div class=\"elementor-element elementor-element-7777f3fa e-con-full e-flex e-con e-child\" data-id=\"7777f3fa\" data-element_type=\"container\" data-e-type=\"container\">\n\t\t\t\t<div class=\"elementor-element elementor-element-70147dc4 elementor-widget elementor-widget-tastyc-section-heading-style-2\" data-id=\"70147dc4\" data-element_type=\"widget\" data-e-type=\"widget\" data-widget_type=\"tastyc-section-heading-style-2.default\">\n\t\t\t\t<div class=\"elementor-widget-container\">\n\t\t\t\t\t\n\t\t<!-- section heading -->\n\t\t\t\t<div class=\"title-box text-center\">\n\t\t\t\t\t\t<div class=\"suptitle\">\n\t\t\t\t<div class=\"icon-elem-svg\">\n\t\t\t\t\t<svg version=\"1.1\" id=\"Layer_1\" xmlns=\"http:\/\/www.w3.org\/2000\/svg\" xmlns:xlink=\"http:\/\/www.w3.org\/1999\/xlink\" x=\"0px\" y=\"0px\" viewbox=\"0 0 134.6 134.6\" enable-background=\"new 0 0 134.6 134.6\" xml:space=\"preserve\">\n\t\t\t\t\t\t<path fill=\"#E6B15F\" d=\"M67.3,134.6C60.2,96.8,38.1,74.5,0,67.4C37.9,60.4,60.3,38,67.3,0c7,38.1,29.4,60.3,67.3,67.3C96.6,74.3,74.3,96.6,67.3,134.6z\"\/>\n\t\t\t\t\t<\/svg>\n\t\t\t\t<\/div>\n\t\t\t\t<span >\n\t\t\t\t\tReserva online\t\t\t\t<\/span>\n\t\t\t\t<div class=\"icon-elem-svg\">\n\t\t\t\t\t<svg version=\"1.1\" id=\"Layer_1\" xmlns=\"http:\/\/www.w3.org\/2000\/svg\" xmlns:xlink=\"http:\/\/www.w3.org\/1999\/xlink\" x=\"0px\" y=\"0px\" viewbox=\"0 0 134.6 134.6\" enable-background=\"new 0 0 134.6 134.6\" xml:space=\"preserve\">\n\t\t\t\t\t\t<path fill=\"#E6B15F\" d=\"M67.3,134.6C60.2,96.8,38.1,74.5,0,67.4C37.9,60.4,60.3,38,67.3,0c7,38.1,29.4,60.3,67.3,67.3C96.6,74.3,74.3,96.6,67.3,134.6z\"\/>\n\t\t\t\t\t<\/svg>\n\t\t\t\t<\/div>\n\t\t\t<\/div>\n\t\t\t\t\t\t\t\t\t<h2 class=\"tst-title--h\">\n\t\t\t\t<span >\n\t\t\t\t\tReserva tu mesa\t\t\t\t<\/span>\n\t\t\t<\/h2>\n\t\t\t\t\t<\/div>\n\t\t\n\t\t\t\t\t\t<\/div>\n\t\t\t\t<\/div>\n\t\t\t\t<div class=\"elementor-element elementor-element-ec019c4 elementor-widget elementor-widget-text-editor\" data-id=\"ec019c4\" data-element_type=\"widget\" data-e-type=\"widget\" data-widget_type=\"text-editor.default\">\n\t\t\t\t\t\t\t\t\t<p>Ll\u00e1manos al <a href=\"tel:+34985213606\">985.213.606<\/a> o rellena el formulario de reserva<\/p>\t\t\t\t\t\t\t\t<\/div>\n\t\t\t\t<\/div>\n\t\t\t\t<\/div>\n\t\t\t\t\t<\/div>\n\t\t\t\t<\/div>\n\t\t\t\t<\/div>","protected":false},"excerpt":{"rendered":"<p>Para empresas, familias o amigos Comidas y cenas de grupos Nuestras instalaciones son perfectas para cenas de grupo. En nuestro comedor con capacidad para hasta 40 personas podr\u00e1s disfrutar de la mejor\u00a0 comida. Consulta men\u00fas Consulta por nuestros men\u00fas de grupo Consulta por nuestros men\u00fas de grupo Cuidamos tu salud Carta de platos con al\u00e9rgenos mostrados Porque no todo el&#8230; <span class=\"tst-el-more\"><a href=\"https:\/\/eldediezdelagorda.es\/en\/servicios\/\" class=\"tst-label tst-color tst-anima-link\">Read more<span class=\"screen-reader-text\">Read moreServicios<\/span><\/a><\/span><\/p>","protected":false},"author":1,"featured_media":0,"parent":0,"menu_order":0,"comment_status":"closed","ping_status":"closed","template":"template-layout-builder.php","meta":{"_acf_changed":false,"inline_featured_image":false,"footnotes":""},"class_list":["post-1232","page","type-page","status-publish","hentry"],"acf":[],"aioseo_notices":[],"_links":{"self":[{"href":"https:\/\/eldediezdelagorda.es\/en\/wp-json\/wp\/v2\/pages\/1232","targetHints":{"allow":["GET"]}}],"collection":[{"href":"https:\/\/eldediezdelagorda.es\/en\/wp-json\/wp\/v2\/pages"}],"about":[{"href":"https:\/\/eldediezdelagorda.es\/en\/wp-json\/wp\/v2\/types\/page"}],"author":[{"embeddable":true,"href":"https:\/\/eldediezdelagorda.es\/en\/wp-json\/wp\/v2\/users\/1"}],"replies":[{"embeddable":true,"href":"https:\/\/eldediezdelagorda.es\/en\/wp-json\/wp\/v2\/comments?post=1232"}],"version-history":[{"count":8,"href":"https:\/\/eldediezdelagorda.es\/en\/wp-json\/wp\/v2\/pages\/1232\/revisions"}],"predecessor-version":[{"id":6573,"href":"https:\/\/eldediezdelagorda.es\/en\/wp-json\/wp\/v2\/pages\/1232\/revisions\/6573"}],"wp:attachment":[{"href":"https:\/\/eldediezdelagorda.es\/en\/wp-json\/wp\/v2\/media?parent=1232"}],"curies":[{"name":"wp","href":"https:\/\/api.w.org\/{rel}","templated":true}]}}